{"id":3029,"date":"2025-02-05T16:07:41","date_gmt":"2025-02-05T15:07:41","guid":{"rendered":"https:\/\/www.wanderdorf.it\/?page_id=3029"},"modified":"2025-04-03T11:21:48","modified_gmt":"2025-04-03T09:21:48","slug":"suedtirols-sueden-card","status":"publish","type":"page","link":"https:\/\/www.wanderdorf.it\/en\/suedtirols-sueden-card\/","title":{"rendered":"S\u00fcdtirols S\u00fcden Card"},"content":{"rendered":"<p>Enjoy your holiday in S\u00fcdtiroler Unterland with the new digital S\u00fcdtirol Guest Pass \u201c<strong>S\u00fcdtirols S\u00fcden<\/strong>\u201d! From 2 January 2025, all guests of the participating partners will receive this card after online check-in or directly on arrival at the associated accommodation.<\/p>\n<p>With the <strong>S\u00fcdtirols S\u00fcden Card <\/strong>(S\u00fcdtirol Guest Pass), your stay will be stress-free and flexible: use all public transport &#8211; bus, train and some cable cars &#8211; and discover the beauty of South Tyrol in comfort, without a car. The Guest Card also offers numerous discounts on cultural, sports and leisure activities. From exciting museum visits and guided bike tours to discounts at swimming pools, bike hire and cross-country skiing centers \u2013 there is something for everyone.<\/p>\n<p>Explore the UNESCO World Heritage Site GEOPARC Bletterbach, be inspired by cellar tours and wine tastings or enjoy the breathtaking nature on guided hikes in the Trudner Horn\/Monte Corno Nature Park or on the wine trails.<\/p>\n<p>There is no other place in South Tyrol where the diversity of cultures, languages and borders is as rich in contrast and experience as it is here.<\/p>\n<p>Whether you want to discover the vibrant culture of South Tyrol, seek sporting adventures, or simply enjoy the peace of nature, the <strong>S\u00fcdtirols S\u00fcden Card<\/strong> (S\u00fcdtirol Guest Pass) is your perfect companion\u2014sustainable, convenient, and versatile!<\/p>\n<p>&nbsp;<\/p>\n","protected":false},"excerpt":{"rendered":"<p>Enjoy your holiday in S\u00fcdtiroler Unterland with the new digital S\u00fcdtirol Guest Pass \u201cS\u00fcdtirols S\u00fcden\u201d! From 2 January 2025, all guests of the participating partners will receive this card after [&hellip;]<\/p>\n","protected":false},"author":2,"featured_media":0,"parent":0,"menu_order":0,"comment_status":"closed","ping_status":"closed","template":"template-unterseiten.php","meta":[],"acf":[],"jetpack_shortlink":"https:\/\/wp.me\/P8ZyV5-MR","_links":{"self":[{"href":"https:\/\/www.wanderdorf.it\/en\/wp-json\/wp\/v2\/pages\/3029"}],"collection":[{"href":"https:\/\/www.wanderdorf.it\/en\/wp-json\/wp\/v2\/pages"}],"about":[{"href":"https:\/\/www.wanderdorf.it\/en\/wp-json\/wp\/v2\/types\/page"}],"author":[{"embeddable":true,"href":"https:\/\/www.wanderdorf.it\/en\/wp-json\/wp\/v2\/users\/2"}],"replies":[{"embeddable":true,"href":"https:\/\/www.wanderdorf.it\/en\/wp-json\/wp\/v2\/comments?post=3029"}],"version-history":[{"count":5,"href":"https:\/\/www.wanderdorf.it\/en\/wp-json\/wp\/v2\/pages\/3029\/revisions"}],"predecessor-version":[{"id":3147,"href":"https:\/\/www.wanderdorf.it\/en\/wp-json\/wp\/v2\/pages\/3029\/revisions\/3147"}],"wp:attachment":[{"href":"https:\/\/www.wanderdorf.it\/en\/wp-json\/wp\/v2\/media?parent=3029"}],"curies":[{"name":"wp","href":"https:\/\/api.w.org\/{rel}","templated":true}]}}