{"id":3027,"date":"2025-02-05T16:07:16","date_gmt":"2025-02-05T15:07:16","guid":{"rendered":"https:\/\/www.wanderdorf.it\/?page_id=3027"},"modified":"2026-04-10T14:47:51","modified_gmt":"2026-04-10T12:47:51","slug":"suedtirols-sueden-card","status":"publish","type":"page","link":"https:\/\/www.wanderdorf.it\/it\/suedtirols-sueden-card\/","title":{"rendered":"S\u00fcdtirols S\u00fcden Card"},"content":{"rendered":"<p>Godetevi la Vostra vacanza nel sud dell&#8217;Alto Adige con la nuova \u201c<strong>S\u00fcdtirols S\u00fcden<\/strong> <strong>Card\u201d<\/strong> (Alto Adige Guest Pass)! Dal 2\u00b0 gennaio 2025, tutti gli ospiti degli esercizi convenzionati riceveranno la carta direttamente dopo il check-in online o, in alternativa, direttamente all&#8217;arrivo presso gli esercizi aderenti.<\/p>\n<p>Con la <strong>S\u00fcdtirols S\u00fcden Card <\/strong>(Alto Adige Guest Pass), il Vostro soggiorno sar\u00e0 senza stress e all&#8217;insegna della flessibilit\u00e0: potrete utilizzare tutti i mezzi di trasporto pubblico, come autobus, treni e alcune funivie, e scoprire le bellezze dell&#8217;Alto Adige in tutta comodit\u00e0, senza dover usare l&#8217;auto. La carta ospiti offre inoltre numerosi sconti su attivit\u00e0 culturali, sportive e per il tempo libero. Dalle emozionanti visite a musei e tour guidati in bicicletta agli sconti presso piscine pubbliche, noleggio di bici e impianti di sci di fondo: ce n&#8217;\u00e8 per tutti i gusti.<\/p>\n<p>Scoprite il GEOPARC Bletterbach, patrimonio mondiale dell&#8217;UNESCO, e lasciatevi ispirare dalle visite guidate alla cantina e dalle degustazioni di vino. Potrete anche godervi la natura mozzafiato durante le escursioni guidate nel Parco Naturale del Monte Corno o sui sentieri del vino.<\/p>\n<p>Come potete vedere, in nessun altro luogo la diversit\u00e0 dell&#8217;Alto Adige \u00e8 vissuta e sperimentata in modo cos\u00ec contrastante come nel Sud dell&#8217;Alto Adige, dove culture, lingue e confini si fondono tra loro.<\/p>\n<p>Se volete scoprire la vivace cultura dell&#8217;Alto Adige, cercare avventure sportive o semplicemente godervi la tranquillit\u00e0 della natura, la <strong>S\u00fcdtirols S\u00fcden Card <\/strong>(Alto Adige Guest Pass) \u00e8 ci\u00f2 che fa per voi. \u00c8 sostenibile, semplice e varia!<\/p>\n","protected":false},"excerpt":{"rendered":"<p>Godetevi la Vostra vacanza nel sud dell&#8217;Alto Adige con la nuova \u201cS\u00fcdtirols S\u00fcden Card\u201d (Alto Adige Guest Pass)! Dal 2\u00b0 gennaio 2025, tutti gli ospiti degli esercizi convenzionati riceveranno la [&hellip;]<\/p>\n","protected":false},"author":2,"featured_media":0,"parent":0,"menu_order":0,"comment_status":"closed","ping_status":"closed","template":"template-unterseiten.php","meta":[],"acf":[],"jetpack_shortlink":"https:\/\/wp.me\/P8ZyV5-MP","_links":{"self":[{"href":"https:\/\/www.wanderdorf.it\/it\/wp-json\/wp\/v2\/pages\/3027"}],"collection":[{"href":"https:\/\/www.wanderdorf.it\/it\/wp-json\/wp\/v2\/pages"}],"about":[{"href":"https:\/\/www.wanderdorf.it\/it\/wp-json\/wp\/v2\/types\/page"}],"author":[{"embeddable":true,"href":"https:\/\/www.wanderdorf.it\/it\/wp-json\/wp\/v2\/users\/2"}],"replies":[{"embeddable":true,"href":"https:\/\/www.wanderdorf.it\/it\/wp-json\/wp\/v2\/comments?post=3027"}],"version-history":[{"count":6,"href":"https:\/\/www.wanderdorf.it\/it\/wp-json\/wp\/v2\/pages\/3027\/revisions"}],"predecessor-version":[{"id":3284,"href":"https:\/\/www.wanderdorf.it\/it\/wp-json\/wp\/v2\/pages\/3027\/revisions\/3284"}],"wp:attachment":[{"href":"https:\/\/www.wanderdorf.it\/it\/wp-json\/wp\/v2\/media?parent=3027"}],"curies":[{"name":"wp","href":"https:\/\/api.w.org\/{rel}","templated":true}]}}